{"id":12,"date":"2026-03-04T20:07:28","date_gmt":"2026-03-04T17:07:28","guid":{"rendered":"http:\/\/goldroyaldugunsalonu.com.tr\/?page_id=12"},"modified":"2026-03-11T19:25:13","modified_gmt":"2026-03-11T16:25:13","slug":"hesabim","status":"publish","type":"page","link":"https:\/\/goldroyaldugunsalonu.com.tr\/?page_id=12","title":{"rendered":"hakk\u0131m\u0131zda"},"content":{"rendered":"\t\t<div data-elementor-type=\"wp-page\" data-elementor-id=\"12\" class=\"elementor elementor-12\" data-elementor-post-type=\"page\">\n\t\t\t\t<div class=\"elementor-element elementor-element-87077a9 e-flex e-con-boxed e-con e-parent\" data-id=\"87077a9\" data-element_type=\"container\" data-e-type=\"container\">\n\t\t\t\t\t<div class=\"e-con-inner\">\n\t\t\t\t<div class=\"elementor-element elementor-element-516ea79 elementor-align-center elementor-widget__width-auto elementor-tablet-align-center elementor-button-info elementor-widget elementor-widget-button\" data-id=\"516ea79\" data-element_type=\"widget\" data-e-type=\"widget\" data-widget_type=\"button.default\">\n\t\t\t\t\t\t\t\t\t\t<a class=\"elementor-button elementor-button-link elementor-size-sm\" href=\"#\">\n\t\t\t\t\t\t<span class=\"elementor-button-content-wrapper\">\n\t\t\t\t\t\t\t\t\t<span class=\"elementor-button-text\"> <\/span>\n\t\t\t\t\t<\/span>\n\t\t\t\t\t<\/a>\n\t\t\t\t\t\t\t\t<\/div>\n\t\t\t\t\t<\/div>\n\t\t\t\t<\/div>\n\t\t<div class=\"elementor-element elementor-element-b632f43 e-flex e-con-boxed e-con e-parent\" data-id=\"b632f43\" data-element_type=\"container\" data-e-type=\"container\">\n\t\t\t\t\t<div class=\"e-con-inner\">\n\t\t\t\t<div class=\"elementor-element elementor-element-a7c3693 elementor-absolute elementor-widget elementor-widget-theme-site-logo elementor-widget-image\" data-id=\"a7c3693\" data-element_type=\"widget\" data-e-type=\"widget\" data-settings=\"{&quot;_position&quot;:&quot;absolute&quot;}\" data-widget_type=\"theme-site-logo.default\">\n\t\t\t\t\t\t\t\t\t\t\t<a href=\"https:\/\/goldroyaldugunsalonu.com.tr\">\n\t\t\t<img fetchpriority=\"high\" decoding=\"async\" width=\"1024\" height=\"1024\" src=\"https:\/\/goldroyaldugunsalonu.com.tr\/wp-content\/uploads\/2026\/03\/WhatsApp-Image-2026-02-25-at-23.11.27-Photoroom-2.png\" class=\"attachment-full size-full wp-image-18\" alt=\"\" srcset=\"https:\/\/goldroyaldugunsalonu.com.tr\/wp-content\/uploads\/2026\/03\/WhatsApp-Image-2026-02-25-at-23.11.27-Photoroom-2.png 1024w, https:\/\/goldroyaldugunsalonu.com.tr\/wp-content\/uploads\/2026\/03\/WhatsApp-Image-2026-02-25-at-23.11.27-Photoroom-2-300x300.png 300w, https:\/\/goldroyaldugunsalonu.com.tr\/wp-content\/uploads\/2026\/03\/WhatsApp-Image-2026-02-25-at-23.11.27-Photoroom-2-150x150.png 150w, https:\/\/goldroyaldugunsalonu.com.tr\/wp-content\/uploads\/2026\/03\/WhatsApp-Image-2026-02-25-at-23.11.27-Photoroom-2-768x768.png 768w, https:\/\/goldroyaldugunsalonu.com.tr\/wp-content\/uploads\/2026\/03\/WhatsApp-Image-2026-02-25-at-23.11.27-Photoroom-2-720x720.png 720w, https:\/\/goldroyaldugunsalonu.com.tr\/wp-content\/uploads\/2026\/03\/WhatsApp-Image-2026-02-25-at-23.11.27-Photoroom-2-600x600.png 600w, https:\/\/goldroyaldugunsalonu.com.tr\/wp-content\/uploads\/2026\/03\/WhatsApp-Image-2026-02-25-at-23.11.27-Photoroom-2-100x100.png 100w\" sizes=\"(max-width: 1024px) 100vw, 1024px\" \/>\t\t\t\t<\/a>\n\t\t\t\t\t\t\t\t\t\t\t<\/div>\n\t\t\t\t\t<\/div>\n\t\t\t\t<\/div>\n\t\t<div class=\"elementor-element elementor-element-de6a778 e-flex e-con-boxed e-con e-parent\" data-id=\"de6a778\" data-element_type=\"container\" data-e-type=\"container\">\n\t\t\t\t\t<div class=\"e-con-inner\">\n\t\t\t\t<div class=\"elementor-element elementor-element-c98b58c elementor-nav-menu__align-center elementor-absolute elementor-nav-menu--dropdown-mobile elementor-nav-menu--stretch elementor-nav-menu__text-align-aside elementor-nav-menu--toggle elementor-nav-menu--burger elementor-widget elementor-widget-nav-menu\" data-id=\"c98b58c\" data-element_type=\"widget\" data-e-type=\"widget\" data-settings=\"{&quot;_position&quot;:&quot;absolute&quot;,&quot;full_width&quot;:&quot;stretch&quot;,&quot;submenu_icon&quot;:{&quot;value&quot;:&quot;&lt;i aria-hidden=\\&quot;true\\&quot; class=\\&quot;\\&quot;&gt;&lt;\\\/i&gt;&quot;,&quot;library&quot;:&quot;&quot;},&quot;layout&quot;:&quot;horizontal&quot;,&quot;toggle&quot;:&quot;burger&quot;}\" data-widget_type=\"nav-menu.default\">\n\t\t\t\t\t\t\t\t<nav aria-label=\"Menu\" class=\"elementor-nav-menu--main elementor-nav-menu__container elementor-nav-menu--layout-horizontal e--pointer-text e--animation-shrink\">\n\t\t\t\t<ul id=\"menu-1-c98b58c\" class=\"elementor-nav-menu\"><li class=\"menu-item menu-item-type-post_type menu-item-object-page menu-item-home menu-item-595\"><a href=\"https:\/\/goldroyaldugunsalonu.com.tr\/\" class=\"elementor-item\">Anasayfa<\/a><\/li>\n<li class=\"menu-item menu-item-type-post_type menu-item-object-page menu-item-1254\"><a href=\"https:\/\/goldroyaldugunsalonu.com.tr\/?page_id=12\" class=\"elementor-item\">Hakk\u0131m\u0131zda<\/a><\/li>\n<li class=\"menu-item menu-item-type-post_type menu-item-object-page menu-item-597\"><a href=\"https:\/\/goldroyaldugunsalonu.com.tr\/?page_id=495\" class=\"elementor-item\">Galeri<\/a><\/li>\n<li class=\"menu-item menu-item-type-post_type menu-item-object-page menu-item-596\"><a href=\"https:\/\/goldroyaldugunsalonu.com.tr\/?page_id=465\" class=\"elementor-item\">\u0130leti\u015fim<\/a><\/li>\n<\/ul>\t\t\t<\/nav>\n\t\t\t\t\t<div class=\"elementor-menu-toggle\" role=\"button\" tabindex=\"0\" aria-label=\"Menu Toggle\" aria-expanded=\"false\">\n\t\t\t<i aria-hidden=\"true\" role=\"presentation\" class=\"elementor-menu-toggle__icon--open icon icon-menu-circle\"><\/i><svg aria-hidden=\"true\" role=\"presentation\" class=\"elementor-menu-toggle__icon--close e-font-icon-svg e-eicon-close\" viewBox=\"0 0 1000 1000\" xmlns=\"http:\/\/www.w3.org\/2000\/svg\"><path d=\"M742 167L500 408 258 167C246 154 233 150 217 150 196 150 179 158 167 167 154 179 150 196 150 212 150 229 154 242 171 254L408 500 167 742C138 771 138 800 167 829 196 858 225 858 254 829L496 587 738 829C750 842 767 846 783 846 800 846 817 842 829 829 842 817 846 804 846 783 846 767 842 750 829 737L588 500 833 258C863 229 863 200 833 171 804 137 775 137 742 167Z\"><\/path><\/svg>\t\t<\/div>\n\t\t\t\t\t<nav class=\"elementor-nav-menu--dropdown elementor-nav-menu__container\" aria-hidden=\"true\">\n\t\t\t\t<ul id=\"menu-2-c98b58c\" class=\"elementor-nav-menu\"><li class=\"menu-item menu-item-type-post_type menu-item-object-page menu-item-home menu-item-595\"><a href=\"https:\/\/goldroyaldugunsalonu.com.tr\/\" class=\"elementor-item\" tabindex=\"-1\">Anasayfa<\/a><\/li>\n<li class=\"menu-item menu-item-type-post_type menu-item-object-page menu-item-1254\"><a href=\"https:\/\/goldroyaldugunsalonu.com.tr\/?page_id=12\" class=\"elementor-item\" tabindex=\"-1\">Hakk\u0131m\u0131zda<\/a><\/li>\n<li class=\"menu-item menu-item-type-post_type menu-item-object-page menu-item-597\"><a href=\"https:\/\/goldroyaldugunsalonu.com.tr\/?page_id=495\" class=\"elementor-item\" tabindex=\"-1\">Galeri<\/a><\/li>\n<li class=\"menu-item menu-item-type-post_type menu-item-object-page menu-item-596\"><a href=\"https:\/\/goldroyaldugunsalonu.com.tr\/?page_id=465\" class=\"elementor-item\" tabindex=\"-1\">\u0130leti\u015fim<\/a><\/li>\n<\/ul>\t\t\t<\/nav>\n\t\t\t\t\t\t<\/div>\n\t\t\t\t\t<\/div>\n\t\t\t\t<\/div>\n\t\t<div class=\"elementor-element elementor-element-7bbefef e-flex e-con-boxed e-con e-parent\" data-id=\"7bbefef\" data-element_type=\"container\" data-e-type=\"container\">\n\t\t\t\t\t<div class=\"e-con-inner\">\n\t\t\t\t<div class=\"elementor-element elementor-element-b1dc55a elementor-widget__width-auto elementor-widget-mobile__width-inherit elementor-widget elementor-widget-heading\" data-id=\"b1dc55a\" data-element_type=\"widget\" data-e-type=\"widget\" data-widget_type=\"heading.default\">\n\t\t\t\t\t<h1 class=\"elementor-heading-title elementor-size-default\">HAKKIMIZDA<\/h1>\t\t\t\t<\/div>\n\t\t\t\t\t<\/div>\n\t\t\t\t<\/div>\n\t\t<div class=\"elementor-element elementor-element-3fb8ddd0 e-flex e-con-boxed e-con e-parent\" data-id=\"3fb8ddd0\" data-element_type=\"container\" data-e-type=\"container\">\n\t\t\t\t\t<div class=\"e-con-inner\">\n\t\t\t\t<div class=\"elementor-element elementor-element-4884d31 elementor-widget elementor-widget-text-editor\" data-id=\"4884d31\" data-element_type=\"widget\" data-e-type=\"widget\" data-widget_type=\"text-editor.default\">\n\t\t\t\t\t\t\t\t\t<h2 class=\"section__title\">\u00a0<\/h2><div class=\"content is-size-6 has-text-grey-dark\"><h2 class=\"section__title\" style=\"color: #1a1817; font-family: 'Cormorant Garamond', sans-serif; font-weight: 500; line-height: 55px; font-size: 50px; text-transform: uppercase; font-style: normal; text-decoration: none; letter-spacing: -1.8px;\">Gold Royal D\u00fc\u011f\u00fcn Salonu Hakk\u0131nda<\/h2><p><span style=\"letter-spacing: -0.2px;\">Gold Royal D\u00fc\u011f\u00fcn Salonu ismiyle 2019\u2019da a\u00e7\u0131ld\u0131k.<\/span><\/p><p><img decoding=\"async\" class=\" wp-image-437 alignright\" src=\"http:\/\/goldroyaldugunsalonu.com.tr\/wp-content\/uploads\/2026\/03\/4f55fe7e-f7e6-4bbf-a8f9-defcadab7e78-200x300.png\" alt=\"\" width=\"239\" height=\"359\" srcset=\"https:\/\/goldroyaldugunsalonu.com.tr\/wp-content\/uploads\/2026\/03\/4f55fe7e-f7e6-4bbf-a8f9-defcadab7e78-200x300.png 200w, https:\/\/goldroyaldugunsalonu.com.tr\/wp-content\/uploads\/2026\/03\/4f55fe7e-f7e6-4bbf-a8f9-defcadab7e78-683x1024.png 683w, https:\/\/goldroyaldugunsalonu.com.tr\/wp-content\/uploads\/2026\/03\/4f55fe7e-f7e6-4bbf-a8f9-defcadab7e78-768x1152.png 768w, https:\/\/goldroyaldugunsalonu.com.tr\/wp-content\/uploads\/2026\/03\/4f55fe7e-f7e6-4bbf-a8f9-defcadab7e78.png 1024w\" sizes=\"(max-width: 239px) 100vw, 239px\" \/> Bununla beraber organizasyon ekibimizin sekt\u00f6rde 10 y\u0131ll\u0131k tecr\u00fcbesi bulunuyor. Mekan\u0131m\u0131z Erzurum i\u00e7inde geni\u015f dans pistiyle de \u00f6ne \u00e7\u0131kmay\u0131 ba\u015far\u0131yor. Ayr\u0131ca d\u00fc\u011f\u00fcn salonumuzda yemekli ve yemeksiz d\u00fc\u011f\u00fcn paketi se\u00e7enekleri de bulunmakta. Siz de Erzurum d\u00fc\u011f\u00fcn salonlar\u0131 i\u00e7in ara\u015ft\u0131rma yap\u0131yor fakat arad\u0131\u011f\u0131n\u0131z\u0131 bulam\u0131yorsan\u0131z bizi tercih edebilir, deneyimli bir ekiple beraber d\u00fc\u011f\u00fcn\u00fcn\u00fcz\u00fc planlayabilirsiniz.Erzurumun en iyi d\u00fc\u011f\u00fcn salonu olarak hizmet vermekteyiz.<\/p><\/div><div class=\"content is-size-6 has-text-grey-dark\"><h3><strong>Davet Alanlar\u0131<\/strong><\/h3><p>Gold Royal b\u00fcnyesinde 1 adet kapal\u0131 davet alan\u0131 yer al\u0131yor. Toplamda 600 ki\u015fiye hizmet verebilen kapal\u0131 alan\u0131m\u0131zda b\u00fcy\u00fck bir dans pisti bulunuyor. Davet alan\u0131m\u0131z\u0131n y\u00fcksek tavanl\u0131 olu\u015fu da mekan\u0131m\u0131z\u0131n sevilen \u00f6zellikleri aras\u0131nda say\u0131labilir. Buna ek olarak kapal\u0131 salonumuz kolonsuz mimarisiyle de di\u011fer d\u00fc\u011f\u00fcn mekanlar\u0131ndan ayr\u0131l\u0131yor. Salonumuz kapal\u0131 oldu\u011fundan istedi\u011finiz mevsimde davet alan\u0131m\u0131z\u0131 kullanabilirsiniz.<\/p><\/div><div class=\"content is-size-6 has-text-grey-dark\"><h3><strong><span dir=\"auto\" style=\"vertical-align: inherit;\"><span dir=\"auto\" style=\"vertical-align: inherit;\">Dekorasyon<\/span><\/span><\/strong><\/h3><p>Erzurum Yakutiye d\u00fc\u011f\u00fcn salonlar\u0131ndan Gold Royal\u2019de krem rengi \u00f6ne \u00e7\u0131k\u0131yor. Mekan\u0131m\u0131zda 3 farkl\u0131 masa \u00e7e\u015fidimiz bulunuyor. D\u00fc\u011f\u00fcnler i\u00e7in genellikle yuvarlak masalar kullan\u0131yor ve masalar\u0131m\u0131z\u0131 siyah \u00f6rt\u00fclerle kapl\u0131yoruz. Ayn\u0131 zamanda yemekli d\u00fc\u011f\u00fcnler i\u00e7in lacivert runner se\u00e7ene\u011fimiz de mevcut. Sandalyelerimizi de beyaz kuma\u015flarla giydiriyoruz. Gelin yolundaysa \u00e7i\u00e7eklerle s\u00fcslenmi\u015f orta boy s\u00fctunlardan yard\u0131m al\u0131yoruz.<\/p><\/div><div class=\"content is-size-6 has-text-grey-dark\"><h3><strong>Hizmetler<\/strong><\/h3><p>Mekan\u0131m\u0131zda \u00f6rnek masa haz\u0131rlama hizmeti sunuyoruz. Ayn\u0131 zamanda d\u00fc\u011f\u00fcn salonumuzda Mescit, lavabolu gelin odas\u0131 ve otopark mevcut. Gelin odas\u0131nda yer alan televizyondan salon da izlenebiliyor. Mekan\u0131m\u0131zda klima, havaland\u0131rma, ses sistemleri ve \u0131\u015f\u0131kland\u0131rma da bulunuyor. Yemek servisini de kendi personelimizle yap\u0131yoruz. Dilerseniz mekan\u0131m\u0131za d\u0131\u015far\u0131dan organizasyon firmas\u0131 ve catering getirebilirsiniz.<\/p><\/div><div class=\"content is-size-6 has-text-grey-dark\"><h3><strong>Yiyecek \/ \u0130\u00e7ecek<\/strong><\/h3><p>Gold Royal D\u00fc\u011f\u00fcn Salonu Erzurum\u2019da 2 \u00e7e\u015fit yemekli men\u00fc haz\u0131rlayabiliyoruz. \u00c7iftimiz men\u00fcy\u00fc deneyebiliyor ve isterlerse de\u011fi\u015fikli\u011fe gidebiliyor.<\/p><p>-K\u0131rm\u0131z\u0131 etli men\u00fcm\u00fczde et kavurma, pilav, su b\u00f6re\u011fi, salata ve patates p\u00fcresi servis ediliyor.<\/p><p>-Beyaz etli men\u00fcdeyse tavuk, pilav, su b\u00f6re\u011fi, patates p\u00fcresi ve salata sizi bekliyor.<\/p><\/div><div class=\"content is-size-6 has-text-grey-dark\"><p>D\u00fc\u011f\u00fcn\u00fcn\u00fcz i\u00e7in bizi tercih ederek erken anla\u015fmalara \u00f6zel f\u0131rsatlardan yararlanabilir,\u00a0\u00f6demeyi kapora sistemiyle yapabilirsiniz. Taksitli \u00f6deme veya d\u00fc\u011f\u00fcn g\u00fcn\u00fcnde \u00f6deme gibi kolayl\u0131klar da sa\u011flayabiliyoruz. Gold Royal D\u00fc\u011f\u00fcn Salonu fiyatlar\u0131\u00a0hakk\u0131nda detayl\u0131 bilgi edinmek isterseniz bizi arayabilirsiniz. Yan tarafta g\u00f6rebilece\u011finiz \u2018\u2019Fiyat Teklifi\u2019\u2019 formunu\u00a0doldurarak da ekibimize ula\u015fabilir, davetli say\u0131n\u0131za ve taleplerinize g\u00f6re verilecek olan fiyat bilgisini alabilirsiniz.\u00a0<\/p><\/div><p><!-- \/wp:shortcode --><\/p>\t\t\t\t\t\t\t\t<\/div>\n\t\t\t\t\t<\/div>\n\t\t\t\t<\/div>\n\t\t<div class=\"elementor-element elementor-element-8a64b89 e-flex e-con-boxed e-con e-parent\" data-id=\"8a64b89\" data-element_type=\"container\" data-e-type=\"container\">\n\t\t\t\t\t<div class=\"e-con-inner\">\n\t\t\t\t\t<\/div>\n\t\t\t\t<\/div>\n\t\t\t\t<\/div>\n\t\t","protected":false},"excerpt":{"rendered":"<p>HAKKIMIZDA \u00a0 Gold Royal D\u00fc\u011f\u00fcn Salonu Hakk\u0131nda Gold Royal D\u00fc\u011f\u00fcn Salonu ismiyle 2019\u2019da a\u00e7\u0131ld\u0131k. Bununla beraber organizasyon ekibimizin sekt\u00f6rde 10 y\u0131ll\u0131k tecr\u00fcbesi bulunuyor. Mekan\u0131m\u0131z Erzurum i\u00e7inde geni\u015f dans pistiyle de \u00f6ne \u00e7\u0131kmay\u0131 ba\u015far\u0131yor. Ayr\u0131ca d\u00fc\u011f\u00fcn salonumuzda yemekli ve yemeksiz d\u00fc\u011f\u00fcn paketi se\u00e7enekleri de bulunmakta. Siz de Erzurum d\u00fc\u011f\u00fcn salonlar\u0131 i\u00e7in ara\u015ft\u0131rma yap\u0131yor fakat arad\u0131\u011f\u0131n\u0131z\u0131 bulam\u0131yorsan\u0131z [&hellip;]<\/p>\n","protected":false},"author":1,"featured_media":0,"parent":0,"menu_order":0,"comment_status":"closed","ping_status":"closed","template":"","meta":{"footnotes":""},"class_list":["post-12","page","type-page","status-publish","hentry"],"_links":{"self":[{"href":"https:\/\/goldroyaldugunsalonu.com.tr\/index.php?rest_route=\/wp\/v2\/pages\/12","targetHints":{"allow":["GET"]}}],"collection":[{"href":"https:\/\/goldroyaldugunsalonu.com.tr\/index.php?rest_route=\/wp\/v2\/pages"}],"about":[{"href":"https:\/\/goldroyaldugunsalonu.com.tr\/index.php?rest_route=\/wp\/v2\/types\/page"}],"author":[{"embeddable":true,"href":"https:\/\/goldroyaldugunsalonu.com.tr\/index.php?rest_route=\/wp\/v2\/users\/1"}],"replies":[{"embeddable":true,"href":"https:\/\/goldroyaldugunsalonu.com.tr\/index.php?rest_route=%2Fwp%2Fv2%2Fcomments&post=12"}],"version-history":[{"count":72,"href":"https:\/\/goldroyaldugunsalonu.com.tr\/index.php?rest_route=\/wp\/v2\/pages\/12\/revisions"}],"predecessor-version":[{"id":1378,"href":"https:\/\/goldroyaldugunsalonu.com.tr\/index.php?rest_route=\/wp\/v2\/pages\/12\/revisions\/1378"}],"wp:attachment":[{"href":"https:\/\/goldroyaldugunsalonu.com.tr\/index.php?rest_route=%2Fwp%2Fv2%2Fmedia&parent=12"}],"curies":[{"name":"wp","href":"https:\/\/api.w.org\/{rel}","templated":true}]}}